{"id":2026,"date":"2021-12-16T10:34:06","date_gmt":"2021-12-16T10:34:06","guid":{"rendered":"https:\/\/hommel-pharma.de\/?page_id=2026"},"modified":"2025-08-27T17:15:14","modified_gmt":"2025-08-27T17:15:14","slug":"contacto","status":"publish","type":"page","link":"https:\/\/hommel-pharma.de\/es\/contacto\/","title":{"rendered":"Contacto"},"content":{"rendered":"<p>[et_pb_section fb_built=\u00bb1&#8243; _builder_version=\u00bb4.16&#8243; _module_preset=\u00bbdefault\u00bb background_color=\u00bb#f4f4f4&#8243; global_colors_info=\u00bb{}\u00bb][et_pb_row column_structure=\u00bb1_4,3_4&#8243; disabled_on=\u00bboff|off|on\u00bb _builder_version=\u00bb4.16&#8243; _module_preset=\u00bbdefault\u00bb custom_padding=\u00bb0px||||false|false\u00bb animation_style=\u00bbfade\u00bb animation_duration=\u00bb700ms\u00bb global_colors_info=\u00bb{}\u00bb][et_pb_column type=\u00bb1_4&#8243; _builder_version=\u00bb4.16&#8243; _module_preset=\u00bbdefault\u00bb global_colors_info=\u00bb{}\u00bb][\/et_pb_column][et_pb_column type=\u00bb3_4&#8243; _builder_version=\u00bb4.16&#8243; _module_preset=\u00bbdefault\u00bb global_colors_info=\u00bb{}\u00bb][et_pb_divider show_divider=\u00bboff\u00bb _builder_version=\u00bb4.16&#8243; _module_preset=\u00bbdefault\u00bb min_height=\u00bb25px\u00bb height=\u00bb25px\u00bb global_colors_info=\u00bb{}\u00bb][\/et_pb_divider][\/et_pb_column][\/et_pb_row][et_pb_row column_structure=\u00bb1_4,3_4&#8243; _builder_version=\u00bb4.16&#8243; _module_preset=\u00bbdefault\u00bb custom_padding=\u00bb0px||||false|false\u00bb animation_style=\u00bbfade\u00bb animation_duration=\u00bb700ms\u00bb global_colors_info=\u00bb{}\u00bb][et_pb_column type=\u00bb1_4&#8243; _builder_version=\u00bb4.16&#8243; _module_preset=\u00bbdefault\u00bb global_colors_info=\u00bb{}\u00bb][\/et_pb_column][et_pb_column type=\u00bb3_4&#8243; _builder_version=\u00bb4.16&#8243; _module_preset=\u00bbdefault\u00bb global_colors_info=\u00bb{}\u00bb][et_pb_text disabled_on=\u00bboff|off|off\u00bb _builder_version=\u00bb4.16&#8243; _module_preset=\u00bbdefault\u00bb text_font=\u00bb||||||||\u00bb header_font=\u00bb|800||on|||||\u00bb header_text_color=\u00bb#fa6b70&#8243; header_font_size=\u00bb3.2vw\u00bb header_2_font=\u00bb|300|||||||\u00bb header_2_font_size=\u00bb1.7vw\u00bb header_2_line_height=\u00bb1.2em\u00bb header_3_font=\u00bb||||||||\u00bb header_font_size_tablet=\u00bb5vw\u00bb header_font_size_phone=\u00bb7.5vw\u00bb header_font_size_last_edited=\u00bbon|desktop\u00bb header_2_font_size_tablet=\u00bb4vw\u00bb header_2_font_size_phone=\u00bb6vw\u00bb header_2_font_size_last_edited=\u00bbon|desktop\u00bb global_colors_info=\u00bb{}\u00bb]<\/p>\n<h1>Hable con nosotros<\/h1>\n<p>\u00bfTiene alguna pregunta sobre nuestros servicios, necesita asesoramiento o un presupuesto? Entonces hable con nosotros. Estaremos encantados de atenderle en cualquier momento, por tel\u00e9fono o por correo electr\u00f3nico.<\/p>\n<p>[\/et_pb_text][\/et_pb_column][\/et_pb_row][et_pb_row column_structure=\u00bb1_2,1_2&#8243; _builder_version=\u00bb4.16&#8243; _module_preset=\u00bbdefault\u00bb max_width=\u00bb1080px\u00bb animation_style=\u00bbfade\u00bb global_colors_info=\u00bb{}\u00bb][et_pb_column type=\u00bb1_2&#8243; _builder_version=\u00bb4.16&#8243; _module_preset=\u00bbdefault\u00bb global_colors_info=\u00bb{}\u00bb][et_pb_image src=\u00bbhttps:\/\/hommel-pharma.de\/wp-content\/uploads\/2025\/01\/Muddemann_sascha_20241.jpg\u00bb alt=\u00bbSascha Muddemann\u00bb _builder_version=\u00bb4.26.1&#8243; _module_preset=\u00bbdefault\u00bb animation_direction=\u00bbbottom\u00bb border_width_all=\u00bb6px\u00bb border_color_all=\u00bb#FFFFFF\u00bb global_colors_info=\u00bb{}\u00bb][\/et_pb_image][\/et_pb_column][et_pb_column type=\u00bb1_2&#8243; _builder_version=\u00bb4.16&#8243; _module_preset=\u00bbdefault\u00bb global_colors_info=\u00bb{}\u00bb][et_pb_text _builder_version=\u00bb4.16&#8243; _module_preset=\u00bbdefault\u00bb header_2_font=\u00bb|800|||||||\u00bb header_4_font=\u00bb|800|||||||\u00bb custom_padding=\u00bb20px||||false|false\u00bb global_colors_info=\u00bb{}\u00bb]<\/p>\n<h2>Sascha Muddemann<\/h2>\n<p><strong>Gesti\u00f3n de compras y contabilidad<\/strong><\/p>\n<p><img loading=\"lazy\" decoding=\"async\" class=\"wp-image-262 alignnone size-full\" src=\"https:\/\/hommel-pharma.de\/wp-content\/uploads\/2021\/06\/phone-call.png\" alt=\"\" width=\"10\" height=\"10\" \/>\u00a0 <a href=\"tel:+4925947830620\">+49 (0)25 94 \/ 78 306 20<\/a><br \/><img loading=\"lazy\" decoding=\"async\" class=\"wp-image-265 alignnone size-full\" src=\"https:\/\/hommel-pharma.de\/wp-content\/uploads\/2021\/06\/paper-plane.png\" alt=\"\" width=\"10\" height=\"10\" \/>\u00a0 <a href=\"mailto:thomas.moebus@hommel-pharma.de\">sascha.muddemann@hommel-pharma.de<\/a><\/p>\n<p>HOMMEL PHARMA GmbH &amp; Co. KG<br \/>Auf dem Quellberg 8<br \/>48249 D\u00fclmen, Alemania<\/p>\n<p>[\/et_pb_text][\/et_pb_column][\/et_pb_row][et_pb_row column_structure=\u00bb1_2,1_2&#8243; _builder_version=\u00bb4.16&#8243; _module_preset=\u00bbdefault\u00bb max_width=\u00bb1080px\u00bb animation_style=\u00bbfade\u00bb global_colors_info=\u00bb{}\u00bb][et_pb_column type=\u00bb1_2&#8243; _builder_version=\u00bb4.16&#8243; _module_preset=\u00bbdefault\u00bb global_colors_info=\u00bb{}\u00bb][et_pb_image src=\u00bbhttps:\/\/hommel-pharma.de\/wp-content\/uploads\/2023\/05\/Walentina_Ausschnitt.jpg\u00bb _builder_version=\u00bb4.18.0&#8243; _module_preset=\u00bbdefault\u00bb animation_direction=\u00bbbottom\u00bb border_width_all=\u00bb6px\u00bb border_color_all=\u00bb#FFFFFF\u00bb global_colors_info=\u00bb{}\u00bb][\/et_pb_image][\/et_pb_column][et_pb_column type=\u00bb1_2&#8243; _builder_version=\u00bb4.16&#8243; _module_preset=\u00bbdefault\u00bb global_colors_info=\u00bb{}\u00bb][et_pb_text _builder_version=\u00bb4.18.0&#8243; _module_preset=\u00bbdefault\u00bb header_2_font=\u00bb|800|||||||\u00bb header_4_font=\u00bb|800|||||||\u00bb custom_padding=\u00bb20px||||false|false\u00bb global_colors_info=\u00bb{}\u00bb]<\/p>\n<h2>Walentina Focht<\/h2>\n<p><strong>Key Account Veterinario<\/strong><\/p>\n<p><img loading=\"lazy\" decoding=\"async\" src=\"https:\/\/hommel-pharma.de\/wp-content\/uploads\/2021\/06\/phone-call.png\" alt=\"\" class=\"wp-image-262 alignnone size-full\" width=\"10\" height=\"10\" \/>\u00a0 <a href=\"tel:+4925947830613\">+49 (0)25 94 \/ 78 306 13<\/a><br \/><img loading=\"lazy\" decoding=\"async\" src=\"https:\/\/hommel-pharma.de\/wp-content\/uploads\/2021\/06\/paper-plane.png\" alt=\"\" class=\"wp-image-265 alignnone size-full\" width=\"10\" height=\"10\" \/>\u00a0 <a href=\"mailto:walentina.focht@hommel-pharma.de\">walentina.focht@hommel-pharma.de<\/a><\/p>\n<p>HOMMEL PHARMA GmbH &amp; Co. KG<br \/>Auf dem Quellberg 8<br \/>48249 D\u00fclmen, Alemania<\/p>\n<p>[\/et_pb_text][\/et_pb_column][\/et_pb_row][et_pb_row column_structure=\u00bb2_5,3_5&#8243; _builder_version=\u00bb4.16&#8243; _module_preset=\u00bbdefault\u00bb custom_padding=\u00bb150px||||false|false\u00bb global_colors_info=\u00bb{}\u00bb][et_pb_column type=\u00bb2_5&#8243; _builder_version=\u00bb4.16&#8243; _module_preset=\u00bbdefault\u00bb background_enable_color=\u00bboff\u00bb use_background_color_gradient=\u00bbon\u00bb background_color_gradient_direction=\u00bb220deg\u00bb background_color_gradient_stops=\u00bb#fa6b70 62%|#f4f4f4 62%\u00bb background_color_gradient_start=\u00bb#fa6b70&#8243; background_color_gradient_start_position=\u00bb62%\u00bb background_color_gradient_end=\u00bb#f4f4f4&#8243; background_color_gradient_end_position=\u00bb50%\u00bb global_colors_info=\u00bb{}\u00bb][et_pb_blurb use_icon=\u00bbon\u00bb font_icon=\u00bb&#x77;||divi||400&#8243; icon_color=\u00bb#FFFFFF\u00bb image_icon_width=\u00bb150px\u00bb icon_alignment=\u00bbright\u00bb _builder_version=\u00bb4.16&#8243; _module_preset=\u00bbdefault\u00bb custom_padding=\u00bb10%|20%|10%|10%|false|false\u00bb icon_font_size=\u00bb150px\u00bb global_colors_info=\u00bb{}\u00bb][\/et_pb_blurb][et_pb_divider show_divider=\u00bboff\u00bb _builder_version=\u00bb4.16&#8243; _module_preset=\u00bbdefault\u00bb min_height=\u00bb100px\u00bb global_colors_info=\u00bb{}\u00bb][\/et_pb_divider][\/et_pb_column][et_pb_column type=\u00bb3_5&#8243; _builder_version=\u00bb4.16&#8243; _module_preset=\u00bbdefault\u00bb global_colors_info=\u00bb{}\u00bb][et_pb_text _builder_version=\u00bb4.16&#8243; _module_preset=\u00bbdefault\u00bb header_2_font=\u00bb|800||on|||||\u00bb header_2_font_size=\u00bb2vw\u00bb animation_style=\u00bbbounce\u00bb animation_direction=\u00bbright\u00bb animation_duration=\u00bb700ms\u00bb header_2_font_size_tablet=\u00bb30px\u00bb header_2_font_size_phone=\u00bb20px\u00bb header_2_font_size_last_edited=\u00bbon|phone\u00bb global_colors_info=\u00bb{}\u00bb]<\/p>\n<h2>\u00bfAlguna pregunta? Estaremos encantados de ayudarle.<\/h2>\n<p>[\/et_pb_text][et_pb_contact_form email=\u00bbinfo@hommel-pharma.de\u00bb custom_message=\u00bbEmail: %%Email%% ||et_pb_line_break_holder||||et_pb_line_break_holder||Mitteilung: %%Message%%||et_pb_line_break_holder||\u00bb success_message=\u00bbGracias por su consulta. Nos pondremos en contacto con usted lo antes posible. \u00bb submit_button_text=\u00bbenviar ahora\u00bb _builder_version=\u00bb4.27.4&#8243; _module_preset=\u00bbdefault\u00bb _unique_id=\u00bb0338e850-9754-47e4-98a6-78591369f5fd\u00bb form_field_background_color=\u00bb#f9f9f9&#8243; form_field_focus_background_color=\u00bb#FFFFFF\u00bb form_field_font=\u00bb|||on|||||\u00bb form_field_text_align=\u00bbleft\u00bb custom_button=\u00bbon\u00bb button_text_size=\u00bb16px\u00bb button_text_color=\u00bb#fa6b70&#8243; button_border_width=\u00bb4px\u00bb button_border_color=\u00bb#fa6b70&#8243; button_border_radius=\u00bb50px\u00bb button_font=\u00bb|800||on|||||\u00bb button_custom_padding=\u00bb|40px||40px|false|true\u00bb button_custom_padding_tablet=\u00bb|40px||40px|false|true\u00bb button_custom_padding_phone=\u00bb|30px||30px|false|true\u00bb button_custom_padding_last_edited=\u00bbon|desktop\u00bb custom_padding=\u00bb||||false|false\u00bb hover_enabled=\u00bb0&#8243; button_text_size_tablet=\u00bb16px\u00bb button_text_size_phone=\u00bb13px\u00bb button_text_size_last_edited=\u00bbon|desktop\u00bb admin_email_subject=\u00bbNew inquiry | hommel-pharma.de\u00bb admin_email_from_name=\u00bbHOMMEL PHARMA\u00bb save_entries_to_db=\u00bboff\u00bb send_files_as_attachment=\u00bboff\u00bb border_width_bottom=\u00bb1px\u00bb border_color_bottom=\u00bb#cccccc\u00bb global_colors_info=\u00bb{}\u00bb use_honeypot=\u00bbon\u00bb sticky_enabled=\u00bb0&#8243;][et_pb_contact_field field_id=\u00bbEmail\u00bb field_title=\u00bbcorreo electr\u00f3nico\u00bb field_type=\u00bbemail\u00bb _builder_version=\u00bb4.27.4&#8243; use_required_asterisk=\u00bboff\u00bb global_colors_info=\u00bb{}\u00bb button_text_size__hover_enabled=\u00bboff\u00bb button_one_text_size__hover_enabled=\u00bboff\u00bb button_two_text_size__hover_enabled=\u00bboff\u00bb button_text_color__hover_enabled=\u00bboff\u00bb button_one_text_color__hover_enabled=\u00bboff\u00bb button_two_text_color__hover_enabled=\u00bboff\u00bb button_border_width__hover_enabled=\u00bboff\u00bb button_one_border_width__hover_enabled=\u00bboff\u00bb button_two_border_width__hover_enabled=\u00bboff\u00bb button_border_color__hover_enabled=\u00bboff\u00bb button_one_border_color__hover_enabled=\u00bboff\u00bb button_two_border_color__hover_enabled=\u00bboff\u00bb button_border_radius__hover_enabled=\u00bboff\u00bb button_one_border_radius__hover_enabled=\u00bboff\u00bb button_two_border_radius__hover_enabled=\u00bboff\u00bb button_letter_spacing__hover_enabled=\u00bboff\u00bb button_one_letter_spacing__hover_enabled=\u00bboff\u00bb button_two_letter_spacing__hover_enabled=\u00bboff\u00bb button_bg_color__hover_enabled=\u00bboff\u00bb button_one_bg_color__hover_enabled=\u00bboff\u00bb button_two_bg_color__hover_enabled=\u00bboff\u00bb][\/et_pb_contact_field][et_pb_contact_field field_id=\u00bbMessage\u00bb field_title=\u00bbMensaje\u00bb field_type=\u00bbtext\u00bb fullwidth_field=\u00bbon\u00bb _builder_version=\u00bb4.27.4&#8243; custom_margin=\u00bb||40px||false|false\u00bb use_required_asterisk=\u00bboff\u00bb global_colors_info=\u00bb{}\u00bb button_text_size__hover_enabled=\u00bboff\u00bb button_one_text_size__hover_enabled=\u00bboff\u00bb button_two_text_size__hover_enabled=\u00bboff\u00bb button_text_color__hover_enabled=\u00bboff\u00bb button_one_text_color__hover_enabled=\u00bboff\u00bb button_two_text_color__hover_enabled=\u00bboff\u00bb button_border_width__hover_enabled=\u00bboff\u00bb button_one_border_width__hover_enabled=\u00bboff\u00bb button_two_border_width__hover_enabled=\u00bboff\u00bb button_border_color__hover_enabled=\u00bboff\u00bb button_one_border_color__hover_enabled=\u00bboff\u00bb button_two_border_color__hover_enabled=\u00bboff\u00bb button_border_radius__hover_enabled=\u00bboff\u00bb button_one_border_radius__hover_enabled=\u00bboff\u00bb button_two_border_radius__hover_enabled=\u00bboff\u00bb button_letter_spacing__hover_enabled=\u00bboff\u00bb button_one_letter_spacing__hover_enabled=\u00bboff\u00bb button_two_letter_spacing__hover_enabled=\u00bboff\u00bb button_bg_color__hover_enabled=\u00bboff\u00bb button_one_bg_color__hover_enabled=\u00bboff\u00bb button_two_bg_color__hover_enabled=\u00bboff\u00bb][\/et_pb_contact_field][\/et_pb_contact_form][\/et_pb_column][\/et_pb_row][\/et_pb_section][et_pb_section fb_built=\u00bb1&#8243; _builder_version=\u00bb4.16&#8243; _module_preset=\u00bbdefault\u00bb background_color=\u00bb#f4f4f4&#8243; background_enable_image=\u00bboff\u00bb custom_padding=\u00bb0px||||false|false\u00bb global_colors_info=\u00bb{}\u00bb][et_pb_row disabled_on=\u00bboff|off|off\u00bb _builder_version=\u00bb4.16&#8243; _module_preset=\u00bbdefault\u00bb global_colors_info=\u00bb{}\u00bb][et_pb_column type=\u00bb4_4&#8243; _builder_version=\u00bb4.16&#8243; _module_preset=\u00bbdefault\u00bb global_colors_info=\u00bb{}\u00bb][et_pb_text _builder_version=\u00bb4.16&#8243; _module_preset=\u00bbdefault\u00bb header_2_font=\u00bb|800||on|||||\u00bb header_2_font_size=\u00bb3vw\u00bb animation_style=\u00bbbounce\u00bb animation_direction=\u00bbleft\u00bb animation_duration=\u00bb700ms\u00bb header_2_font_size_tablet=\u00bb6vw\u00bb header_2_font_size_phone=\u00bb9vw\u00bb header_2_font_size_last_edited=\u00bbon|phone\u00bb global_colors_info=\u00bb{}\u00bb]<\/p>\n<h2>Nuestra <span style=\"color: #fa6b70;\">ubicaci\u00f3n<\/span><\/h2>\n<p>[\/et_pb_text][et_pb_image src=\u00bbhttps:\/\/hommel-pharma.de\/wp-content\/uploads\/2021\/10\/Anfahrt-Hommel-Pharma-Ausschnitt-2708.png\u00bb alt=\u00bbAnfahrt Hommel Pharma\u00bb url=\u00bbhttps:\/\/goo.gl\/maps\/bPLwXWzmWbaCFUKSA\u00bb url_new_window=\u00bbon\u00bb align=\u00bbcenter\u00bb disabled_on=\u00bbon|on|off\u00bb admin_label=\u00bbBild &#8211; Desktop\u00bb _builder_version=\u00bb4.16&#8243; _module_preset=\u00bbdefault\u00bb width=\u00bb80%\u00bb global_colors_info=\u00bb{}\u00bb][\/et_pb_image][et_pb_image src=\u00bbhttps:\/\/hommel-pharma.de\/wp-content\/uploads\/2021\/10\/Anfahrt-Hommel-Pharma-Tablet-2708.png\u00bb alt=\u00bbAnfahrt Hommel Pharma\u00bb align=\u00bbcenter\u00bb disabled_on=\u00bbon|off|on\u00bb admin_label=\u00bbBild &#8211; Tablet\u00bb _builder_version=\u00bb4.16&#8243; _module_preset=\u00bbdefault\u00bb global_colors_info=\u00bb{}\u00bb][\/et_pb_image][et_pb_image src=\u00bbhttps:\/\/hommel-pharma.de\/wp-content\/uploads\/2021\/10\/Anfahrt-Hommel-Pharma-Handy-2708.png\u00bb alt=\u00bbAnfahrt Hommel Pharma\u00bb align=\u00bbcenter\u00bb disabled_on=\u00bboff|on|on\u00bb admin_label=\u00bbBild &#8211; Tablet\u00bb _builder_version=\u00bb4.16&#8243; _module_preset=\u00bbdefault\u00bb global_colors_info=\u00bb{}\u00bb][\/et_pb_image][\/et_pb_column][\/et_pb_row][\/et_pb_section]<\/p>\n","protected":false},"excerpt":{"rendered":"<p>Hable con nosotros \u00bfTiene alguna pregunta sobre nuestros servicios, necesita asesoramiento o un presupuesto? Entonces hable con nosotros. Estaremos encantados de atenderle en cualquier momento, por tel\u00e9fono o por correo electr\u00f3nico.Sascha Muddemann Gesti\u00f3n de compras y contabilidad \u00a0 +49 (0)25 94 \/ 78 306 20\u00a0 sascha.muddemann@hommel-pharma.de HOMMEL PHARMA GmbH &amp; Co. KGAuf dem Quellberg 848249 [&hellip;]<\/p>\n","protected":false},"author":1,"featured_media":0,"parent":0,"menu_order":0,"comment_status":"closed","ping_status":"closed","template":"","meta":{"_et_pb_use_builder":"on","_et_pb_old_content":"","_et_gb_content_width":"","footnotes":""},"class_list":["post-2026","page","type-page","status-publish","hentry"],"yoast_head":"<!-- This site is optimized with the Yoast SEO plugin v27.1.1 - https:\/\/yoast.com\/product\/yoast-seo-wordpress\/ -->\n<title>Contacto | HOMMEL PHARMA<\/title>\n<meta name=\"description\" content=\"Nombramientos | Consultas | Env\u00edo y almacenamiento de medicamentos sensibles a la temperatura | Marketing y ventas | Empleo\" \/>\n<meta name=\"robots\" content=\"index, follow, max-snippet:-1, max-image-preview:large, max-video-preview:-1\" \/>\n<link rel=\"canonical\" href=\"https:\/\/hommel-pharma.de\/es\/contacto\/\" \/>\n<meta property=\"og:locale\" content=\"es_ES\" \/>\n<meta property=\"og:type\" content=\"article\" \/>\n<meta property=\"og:title\" content=\"Contacto | HOMMEL PHARMA\" \/>\n<meta property=\"og:description\" content=\"-1189\" \/>\n<meta property=\"og:url\" content=\"https:\/\/hommel-pharma.de\/es\/contacto\/\" \/>\n<meta property=\"og:site_name\" content=\"HOMMEL PHARMA GmbH &amp; Co. KG\" \/>\n<meta property=\"article:modified_time\" content=\"2025-08-27T17:15:14+00:00\" \/>\n<meta property=\"og:image\" content=\"https:\/\/hommel-pharma.de\/wp-content\/uploads\/2023\/10\/02_Startseite_HP.jpg\" \/>\n\t<meta property=\"og:image:width\" content=\"1920\" \/>\n\t<meta property=\"og:image:height\" content=\"1280\" \/>\n\t<meta property=\"og:image:type\" content=\"image\/jpeg\" \/>\n<meta name=\"twitter:card\" content=\"summary_large_image\" \/>\n<meta name=\"twitter:label1\" content=\"Tiempo de lectura\" \/>\n\t<meta name=\"twitter:data1\" content=\"8 minutos\" \/>\n<script type=\"application\/ld+json\" class=\"yoast-schema-graph\">{\"@context\":\"https:\/\/schema.org\",\"@graph\":[{\"@type\":\"WebPage\",\"@id\":\"https:\/\/hommel-pharma.de\/es\/contacto\/\",\"url\":\"https:\/\/hommel-pharma.de\/es\/contacto\/\",\"name\":\"Contacto | HOMMEL PHARMA\",\"isPartOf\":{\"@id\":\"https:\/\/hommel-pharma.de\/es\/#website\"},\"primaryImageOfPage\":{\"@id\":\"https:\/\/hommel-pharma.de\/es\/contacto\/#primaryimage\"},\"image\":{\"@id\":\"https:\/\/hommel-pharma.de\/es\/contacto\/#primaryimage\"},\"thumbnailUrl\":\"https:\/\/hommel-pharma.de\/wp-content\/uploads\/2021\/06\/phone-call.png\",\"datePublished\":\"2021-12-16T10:34:06+00:00\",\"dateModified\":\"2025-08-27T17:15:14+00:00\",\"description\":\"Nombramientos | Consultas | Env\u00edo y almacenamiento de medicamentos sensibles a la temperatura | Marketing y ventas | Empleo\",\"breadcrumb\":{\"@id\":\"https:\/\/hommel-pharma.de\/es\/contacto\/#breadcrumb\"},\"inLanguage\":\"es\",\"potentialAction\":[{\"@type\":\"ReadAction\",\"target\":[\"https:\/\/hommel-pharma.de\/es\/contacto\/\"]}]},{\"@type\":\"ImageObject\",\"inLanguage\":\"es\",\"@id\":\"https:\/\/hommel-pharma.de\/es\/contacto\/#primaryimage\",\"url\":\"https:\/\/hommel-pharma.de\/wp-content\/uploads\/2021\/06\/phone-call.png\",\"contentUrl\":\"https:\/\/hommel-pharma.de\/wp-content\/uploads\/2021\/06\/phone-call.png\"},{\"@type\":\"BreadcrumbList\",\"@id\":\"https:\/\/hommel-pharma.de\/es\/contacto\/#breadcrumb\",\"itemListElement\":[{\"@type\":\"ListItem\",\"position\":1,\"name\":\"Startseite\",\"item\":\"https:\/\/hommel-pharma.de\/es\/\"},{\"@type\":\"ListItem\",\"position\":2,\"name\":\"Contacto\"}]},{\"@type\":\"WebSite\",\"@id\":\"https:\/\/hommel-pharma.de\/es\/#website\",\"url\":\"https:\/\/hommel-pharma.de\/es\/\",\"name\":\"HOMMEL PHARMA GmbH &amp; Co. KG\",\"description\":\"\",\"publisher\":{\"@id\":\"https:\/\/hommel-pharma.de\/es\/#organization\"},\"potentialAction\":[{\"@type\":\"SearchAction\",\"target\":{\"@type\":\"EntryPoint\",\"urlTemplate\":\"https:\/\/hommel-pharma.de\/es\/?s={search_term_string}\"},\"query-input\":{\"@type\":\"PropertyValueSpecification\",\"valueRequired\":true,\"valueName\":\"search_term_string\"}}],\"inLanguage\":\"es\"},{\"@type\":\"Organization\",\"@id\":\"https:\/\/hommel-pharma.de\/es\/#organization\",\"name\":\"HOMMEL PHARMA GmbH & Co. KG\",\"url\":\"https:\/\/hommel-pharma.de\/es\/\",\"logo\":{\"@type\":\"ImageObject\",\"inLanguage\":\"es\",\"@id\":\"https:\/\/hommel-pharma.de\/es\/#\/schema\/logo\/image\/\",\"url\":\"https:\/\/hommel-pharma.de\/wp-content\/uploads\/2024\/07\/letter-h.png\",\"contentUrl\":\"https:\/\/hommel-pharma.de\/wp-content\/uploads\/2024\/07\/letter-h.png\",\"width\":512,\"height\":512,\"caption\":\"HOMMEL PHARMA GmbH & Co. KG\"},\"image\":{\"@id\":\"https:\/\/hommel-pharma.de\/es\/#\/schema\/logo\/image\/\"}}]}<\/script>\n<!-- \/ Yoast SEO plugin. -->","yoast_head_json":{"title":"Contacto | HOMMEL PHARMA","description":"Nombramientos | Consultas | Env\u00edo y almacenamiento de medicamentos sensibles a la temperatura | Marketing y ventas | Empleo","robots":{"index":"index","follow":"follow","max-snippet":"max-snippet:-1","max-image-preview":"max-image-preview:large","max-video-preview":"max-video-preview:-1"},"canonical":"https:\/\/hommel-pharma.de\/es\/contacto\/","og_locale":"es_ES","og_type":"article","og_title":"Contacto | HOMMEL PHARMA","og_description":"-1189","og_url":"https:\/\/hommel-pharma.de\/es\/contacto\/","og_site_name":"HOMMEL PHARMA GmbH &amp; Co. KG","article_modified_time":"2025-08-27T17:15:14+00:00","og_image":[{"width":1920,"height":1280,"url":"https:\/\/hommel-pharma.de\/wp-content\/uploads\/2023\/10\/02_Startseite_HP.jpg","type":"image\/jpeg"}],"twitter_card":"summary_large_image","twitter_misc":{"Tiempo de lectura":"8 minutos"},"schema":{"@context":"https:\/\/schema.org","@graph":[{"@type":"WebPage","@id":"https:\/\/hommel-pharma.de\/es\/contacto\/","url":"https:\/\/hommel-pharma.de\/es\/contacto\/","name":"Contacto | HOMMEL PHARMA","isPartOf":{"@id":"https:\/\/hommel-pharma.de\/es\/#website"},"primaryImageOfPage":{"@id":"https:\/\/hommel-pharma.de\/es\/contacto\/#primaryimage"},"image":{"@id":"https:\/\/hommel-pharma.de\/es\/contacto\/#primaryimage"},"thumbnailUrl":"https:\/\/hommel-pharma.de\/wp-content\/uploads\/2021\/06\/phone-call.png","datePublished":"2021-12-16T10:34:06+00:00","dateModified":"2025-08-27T17:15:14+00:00","description":"Nombramientos | Consultas | Env\u00edo y almacenamiento de medicamentos sensibles a la temperatura | Marketing y ventas | Empleo","breadcrumb":{"@id":"https:\/\/hommel-pharma.de\/es\/contacto\/#breadcrumb"},"inLanguage":"es","potentialAction":[{"@type":"ReadAction","target":["https:\/\/hommel-pharma.de\/es\/contacto\/"]}]},{"@type":"ImageObject","inLanguage":"es","@id":"https:\/\/hommel-pharma.de\/es\/contacto\/#primaryimage","url":"https:\/\/hommel-pharma.de\/wp-content\/uploads\/2021\/06\/phone-call.png","contentUrl":"https:\/\/hommel-pharma.de\/wp-content\/uploads\/2021\/06\/phone-call.png"},{"@type":"BreadcrumbList","@id":"https:\/\/hommel-pharma.de\/es\/contacto\/#breadcrumb","itemListElement":[{"@type":"ListItem","position":1,"name":"Startseite","item":"https:\/\/hommel-pharma.de\/es\/"},{"@type":"ListItem","position":2,"name":"Contacto"}]},{"@type":"WebSite","@id":"https:\/\/hommel-pharma.de\/es\/#website","url":"https:\/\/hommel-pharma.de\/es\/","name":"HOMMEL PHARMA GmbH &amp; Co. KG","description":"","publisher":{"@id":"https:\/\/hommel-pharma.de\/es\/#organization"},"potentialAction":[{"@type":"SearchAction","target":{"@type":"EntryPoint","urlTemplate":"https:\/\/hommel-pharma.de\/es\/?s={search_term_string}"},"query-input":{"@type":"PropertyValueSpecification","valueRequired":true,"valueName":"search_term_string"}}],"inLanguage":"es"},{"@type":"Organization","@id":"https:\/\/hommel-pharma.de\/es\/#organization","name":"HOMMEL PHARMA GmbH & Co. KG","url":"https:\/\/hommel-pharma.de\/es\/","logo":{"@type":"ImageObject","inLanguage":"es","@id":"https:\/\/hommel-pharma.de\/es\/#\/schema\/logo\/image\/","url":"https:\/\/hommel-pharma.de\/wp-content\/uploads\/2024\/07\/letter-h.png","contentUrl":"https:\/\/hommel-pharma.de\/wp-content\/uploads\/2024\/07\/letter-h.png","width":512,"height":512,"caption":"HOMMEL PHARMA GmbH & Co. KG"},"image":{"@id":"https:\/\/hommel-pharma.de\/es\/#\/schema\/logo\/image\/"}}]}},"_links":{"self":[{"href":"https:\/\/hommel-pharma.de\/es\/wp-json\/wp\/v2\/pages\/2026","targetHints":{"allow":["GET"]}}],"collection":[{"href":"https:\/\/hommel-pharma.de\/es\/wp-json\/wp\/v2\/pages"}],"about":[{"href":"https:\/\/hommel-pharma.de\/es\/wp-json\/wp\/v2\/types\/page"}],"author":[{"embeddable":true,"href":"https:\/\/hommel-pharma.de\/es\/wp-json\/wp\/v2\/users\/1"}],"replies":[{"embeddable":true,"href":"https:\/\/hommel-pharma.de\/es\/wp-json\/wp\/v2\/comments?post=2026"}],"version-history":[{"count":0,"href":"https:\/\/hommel-pharma.de\/es\/wp-json\/wp\/v2\/pages\/2026\/revisions"}],"wp:attachment":[{"href":"https:\/\/hommel-pharma.de\/es\/wp-json\/wp\/v2\/media?parent=2026"}],"curies":[{"name":"wp","href":"https:\/\/api.w.org\/{rel}","templated":true}]}}