{"id":2039,"date":"2021-12-16T10:47:28","date_gmt":"2021-12-16T10:47:28","guid":{"rendered":"https:\/\/hommel-pharma.de\/?page_id=2039"},"modified":"2021-12-16T10:50:22","modified_gmt":"2021-12-16T10:50:22","slug":"nota-de-genero","status":"publish","type":"page","link":"https:\/\/hommel-pharma.de\/es\/nota-de-genero\/","title":{"rendered":"Nota de g\u00e9nero"},"content":{"rendered":"<p>[et_pb_section fb_built=\u00bb1&#8243; _builder_version=\u00bb4.9.4&#8243; _module_preset=\u00bbdefault\u00bb background_color=\u00bb#f4f4f4&#8243; global_colors_info=\u00bb{}\u00bb][et_pb_row _builder_version=\u00bb4.9.4&#8243; _module_preset=\u00bbdefault\u00bb max_width=\u00bb800px\u00bb animation_style=\u00bbfade\u00bb border_color_all=\u00bb#7f7f7f\u00bb border_width_right=\u00bb10px\u00bb global_colors_info=\u00bb{}\u00bb][et_pb_column type=\u00bb4_4&#8243; _builder_version=\u00bb4.9.4&#8243; _module_preset=\u00bbdefault\u00bb global_colors_info=\u00bb{}\u00bb][et_pb_text _builder_version=\u00bb4.14.1&#8243; _module_preset=\u00bbdefault\u00bb header_font=\u00bb|800||on|||||\u00bb header_text_color=\u00bb#f8666b\u00bb header_font_size=\u00bb40px\u00bb text_orientation=\u00bbright\u00bb custom_padding=\u00bb|25px|||false|false\u00bb animation_style=\u00bbbounce\u00bb animation_direction=\u00bbright\u00bb animation_duration=\u00bb700ms\u00bb global_colors_info=\u00bb{}\u00bb]<\/p>\n<h1>Referencia de g\u00e9nero<\/h1>\n<p>Para una mejor legibilidad, utilizamos la forma masculina en nuestros textos. Queremos se\u00f1alar que esto no se hace en base a la discriminaci\u00f3n del otro sexo y que las mujeres y los hombres pueden sentirse igualmente concernidos.<\/p>\n<p>[\/et_pb_text][\/et_pb_column][\/et_pb_row][\/et_pb_section]<\/p>\n","protected":false},"excerpt":{"rendered":"<p>Referencia de g\u00e9nero Para una mejor legibilidad, utilizamos la forma masculina en nuestros textos. Queremos se\u00f1alar que esto no se hace en base a la discriminaci\u00f3n del otro sexo y que las mujeres y los hombres pueden sentirse igualmente concernidos.<\/p>\n","protected":false},"author":1,"featured_media":0,"parent":0,"menu_order":0,"comment_status":"closed","ping_status":"closed","template":"","meta":{"_et_pb_use_builder":"on","_et_pb_old_content":"","_et_gb_content_width":"","footnotes":""},"class_list":["post-2039","page","type-page","status-publish","hentry"],"yoast_head":"<!-- This site is optimized with the Yoast SEO plugin v27.1.1 - https:\/\/yoast.com\/product\/yoast-seo-wordpress\/ -->\n<title>Nota de g\u00e9nero | HOMMEL PHARMA<\/title>\n<meta name=\"description\" content=\"Nota de g\u00e9nero - HOMMEL PHARMA - Somos su socio de log\u00edstica y cumplimiento en el sector sanitario. Estamos a su disposici\u00f3n.\" \/>\n<meta name=\"robots\" content=\"index, follow, max-snippet:-1, max-image-preview:large, max-video-preview:-1\" \/>\n<link rel=\"canonical\" href=\"https:\/\/hommel-pharma.de\/es\/nota-de-genero\/\" \/>\n<meta property=\"og:locale\" content=\"es_ES\" \/>\n<meta property=\"og:type\" content=\"article\" \/>\n<meta property=\"og:title\" content=\"Nota de g\u00e9nero | HOMMEL PHARMA\" \/>\n<meta property=\"og:description\" content=\"-1378\" \/>\n<meta property=\"og:url\" content=\"https:\/\/hommel-pharma.de\/es\/nota-de-genero\/\" \/>\n<meta property=\"og:site_name\" content=\"HOMMEL PHARMA GmbH &amp; Co. KG\" \/>\n<meta property=\"article:modified_time\" content=\"2021-12-16T10:50:22+00:00\" \/>\n<meta property=\"og:image\" content=\"https:\/\/hommel-pharma.de\/wp-content\/uploads\/2023\/10\/02_Startseite_HP.jpg\" \/>\n\t<meta property=\"og:image:width\" content=\"1920\" \/>\n\t<meta property=\"og:image:height\" content=\"1280\" \/>\n\t<meta property=\"og:image:type\" content=\"image\/jpeg\" \/>\n<meta name=\"twitter:card\" content=\"summary_large_image\" \/>\n<meta name=\"twitter:label1\" content=\"Tiempo de lectura\" \/>\n\t<meta name=\"twitter:data1\" content=\"1 minuto\" \/>\n<script type=\"application\/ld+json\" class=\"yoast-schema-graph\">{\"@context\":\"https:\/\/schema.org\",\"@graph\":[{\"@type\":\"WebPage\",\"@id\":\"https:\/\/hommel-pharma.de\/es\/nota-de-genero\/\",\"url\":\"https:\/\/hommel-pharma.de\/es\/nota-de-genero\/\",\"name\":\"Nota de g\u00e9nero | HOMMEL PHARMA\",\"isPartOf\":{\"@id\":\"https:\/\/hommel-pharma.de\/es\/#website\"},\"datePublished\":\"2021-12-16T10:47:28+00:00\",\"dateModified\":\"2021-12-16T10:50:22+00:00\",\"description\":\"Nota de g\u00e9nero - HOMMEL PHARMA - Somos su socio de log\u00edstica y cumplimiento en el sector sanitario. Estamos a su disposici\u00f3n.\",\"breadcrumb\":{\"@id\":\"https:\/\/hommel-pharma.de\/es\/nota-de-genero\/#breadcrumb\"},\"inLanguage\":\"es\",\"potentialAction\":[{\"@type\":\"ReadAction\",\"target\":[\"https:\/\/hommel-pharma.de\/es\/nota-de-genero\/\"]}]},{\"@type\":\"BreadcrumbList\",\"@id\":\"https:\/\/hommel-pharma.de\/es\/nota-de-genero\/#breadcrumb\",\"itemListElement\":[{\"@type\":\"ListItem\",\"position\":1,\"name\":\"Startseite\",\"item\":\"https:\/\/hommel-pharma.de\/es\/\"},{\"@type\":\"ListItem\",\"position\":2,\"name\":\"Nota de g\u00e9nero\"}]},{\"@type\":\"WebSite\",\"@id\":\"https:\/\/hommel-pharma.de\/es\/#website\",\"url\":\"https:\/\/hommel-pharma.de\/es\/\",\"name\":\"HOMMEL PHARMA GmbH &amp; Co. KG\",\"description\":\"\",\"publisher\":{\"@id\":\"https:\/\/hommel-pharma.de\/es\/#organization\"},\"potentialAction\":[{\"@type\":\"SearchAction\",\"target\":{\"@type\":\"EntryPoint\",\"urlTemplate\":\"https:\/\/hommel-pharma.de\/es\/?s={search_term_string}\"},\"query-input\":{\"@type\":\"PropertyValueSpecification\",\"valueRequired\":true,\"valueName\":\"search_term_string\"}}],\"inLanguage\":\"es\"},{\"@type\":\"Organization\",\"@id\":\"https:\/\/hommel-pharma.de\/es\/#organization\",\"name\":\"HOMMEL PHARMA GmbH & Co. KG\",\"url\":\"https:\/\/hommel-pharma.de\/es\/\",\"logo\":{\"@type\":\"ImageObject\",\"inLanguage\":\"es\",\"@id\":\"https:\/\/hommel-pharma.de\/es\/#\/schema\/logo\/image\/\",\"url\":\"https:\/\/hommel-pharma.de\/wp-content\/uploads\/2024\/07\/letter-h.png\",\"contentUrl\":\"https:\/\/hommel-pharma.de\/wp-content\/uploads\/2024\/07\/letter-h.png\",\"width\":512,\"height\":512,\"caption\":\"HOMMEL PHARMA GmbH & Co. KG\"},\"image\":{\"@id\":\"https:\/\/hommel-pharma.de\/es\/#\/schema\/logo\/image\/\"}}]}<\/script>\n<!-- \/ Yoast SEO plugin. -->","yoast_head_json":{"title":"Nota de g\u00e9nero | HOMMEL PHARMA","description":"Nota de g\u00e9nero - HOMMEL PHARMA - Somos su socio de log\u00edstica y cumplimiento en el sector sanitario. Estamos a su disposici\u00f3n.","robots":{"index":"index","follow":"follow","max-snippet":"max-snippet:-1","max-image-preview":"max-image-preview:large","max-video-preview":"max-video-preview:-1"},"canonical":"https:\/\/hommel-pharma.de\/es\/nota-de-genero\/","og_locale":"es_ES","og_type":"article","og_title":"Nota de g\u00e9nero | HOMMEL PHARMA","og_description":"-1378","og_url":"https:\/\/hommel-pharma.de\/es\/nota-de-genero\/","og_site_name":"HOMMEL PHARMA GmbH &amp; Co. KG","article_modified_time":"2021-12-16T10:50:22+00:00","og_image":[{"width":1920,"height":1280,"url":"https:\/\/hommel-pharma.de\/wp-content\/uploads\/2023\/10\/02_Startseite_HP.jpg","type":"image\/jpeg"}],"twitter_card":"summary_large_image","twitter_misc":{"Tiempo de lectura":"1 minuto"},"schema":{"@context":"https:\/\/schema.org","@graph":[{"@type":"WebPage","@id":"https:\/\/hommel-pharma.de\/es\/nota-de-genero\/","url":"https:\/\/hommel-pharma.de\/es\/nota-de-genero\/","name":"Nota de g\u00e9nero | HOMMEL PHARMA","isPartOf":{"@id":"https:\/\/hommel-pharma.de\/es\/#website"},"datePublished":"2021-12-16T10:47:28+00:00","dateModified":"2021-12-16T10:50:22+00:00","description":"Nota de g\u00e9nero - HOMMEL PHARMA - Somos su socio de log\u00edstica y cumplimiento en el sector sanitario. Estamos a su disposici\u00f3n.","breadcrumb":{"@id":"https:\/\/hommel-pharma.de\/es\/nota-de-genero\/#breadcrumb"},"inLanguage":"es","potentialAction":[{"@type":"ReadAction","target":["https:\/\/hommel-pharma.de\/es\/nota-de-genero\/"]}]},{"@type":"BreadcrumbList","@id":"https:\/\/hommel-pharma.de\/es\/nota-de-genero\/#breadcrumb","itemListElement":[{"@type":"ListItem","position":1,"name":"Startseite","item":"https:\/\/hommel-pharma.de\/es\/"},{"@type":"ListItem","position":2,"name":"Nota de g\u00e9nero"}]},{"@type":"WebSite","@id":"https:\/\/hommel-pharma.de\/es\/#website","url":"https:\/\/hommel-pharma.de\/es\/","name":"HOMMEL PHARMA GmbH &amp; Co. KG","description":"","publisher":{"@id":"https:\/\/hommel-pharma.de\/es\/#organization"},"potentialAction":[{"@type":"SearchAction","target":{"@type":"EntryPoint","urlTemplate":"https:\/\/hommel-pharma.de\/es\/?s={search_term_string}"},"query-input":{"@type":"PropertyValueSpecification","valueRequired":true,"valueName":"search_term_string"}}],"inLanguage":"es"},{"@type":"Organization","@id":"https:\/\/hommel-pharma.de\/es\/#organization","name":"HOMMEL PHARMA GmbH & Co. KG","url":"https:\/\/hommel-pharma.de\/es\/","logo":{"@type":"ImageObject","inLanguage":"es","@id":"https:\/\/hommel-pharma.de\/es\/#\/schema\/logo\/image\/","url":"https:\/\/hommel-pharma.de\/wp-content\/uploads\/2024\/07\/letter-h.png","contentUrl":"https:\/\/hommel-pharma.de\/wp-content\/uploads\/2024\/07\/letter-h.png","width":512,"height":512,"caption":"HOMMEL PHARMA GmbH & Co. KG"},"image":{"@id":"https:\/\/hommel-pharma.de\/es\/#\/schema\/logo\/image\/"}}]}},"_links":{"self":[{"href":"https:\/\/hommel-pharma.de\/es\/wp-json\/wp\/v2\/pages\/2039","targetHints":{"allow":["GET"]}}],"collection":[{"href":"https:\/\/hommel-pharma.de\/es\/wp-json\/wp\/v2\/pages"}],"about":[{"href":"https:\/\/hommel-pharma.de\/es\/wp-json\/wp\/v2\/types\/page"}],"author":[{"embeddable":true,"href":"https:\/\/hommel-pharma.de\/es\/wp-json\/wp\/v2\/users\/1"}],"replies":[{"embeddable":true,"href":"https:\/\/hommel-pharma.de\/es\/wp-json\/wp\/v2\/comments?post=2039"}],"version-history":[{"count":0,"href":"https:\/\/hommel-pharma.de\/es\/wp-json\/wp\/v2\/pages\/2039\/revisions"}],"wp:attachment":[{"href":"https:\/\/hommel-pharma.de\/es\/wp-json\/wp\/v2\/media?parent=2039"}],"curies":[{"name":"wp","href":"https:\/\/api.w.org\/{rel}","templated":true}]}}