{"id":1849,"date":"2021-12-02T09:38:55","date_gmt":"2021-12-02T09:38:55","guid":{"rendered":"https:\/\/hommel-pharma.de\/?page_id=1849"},"modified":"2025-11-11T11:56:08","modified_gmt":"2025-11-11T11:56:08","slug":"azienda","status":"publish","type":"page","link":"https:\/\/hommel-pharma.de\/it\/azienda\/","title":{"rendered":"Azienda"},"content":{"rendered":"<p>[et_pb_section fb_built=&#8221;1&#8243; _builder_version=&#8221;4.16&#8243; _module_preset=&#8221;default&#8221; custom_padding=&#8221;0px||0px||false|false&#8221; collapsed=&#8221;off&#8221; global_colors_info=&#8221;{}&#8221;][et_pb_row column_structure=&#8221;2_5,3_5&#8243; use_custom_gutter=&#8221;on&#8221; gutter_width=&#8221;1&#8243; _builder_version=&#8221;4.16&#8243; _module_preset=&#8221;default&#8221; background_color=&#8221;#f4f4f4&#8243; width=&#8221;100%&#8221; max_width=&#8221;100%&#8221; custom_padding=&#8221;0px||0px||true|false&#8221; global_colors_info=&#8221;{}&#8221;][et_pb_column type=&#8221;2_5&#8243; _builder_version=&#8221;4.16&#8243; _module_preset=&#8221;default&#8221; background_enable_color=&#8221;off&#8221; background_color_gradient_direction=&#8221;169deg&#8221; background_enable_video_mp4=&#8221;off&#8221; global_colors_info=&#8221;{}&#8221;][et_pb_image src=&#8221;https:\/\/hommel-pharma.de\/wp-content\/uploads\/2023\/10\/Unternehmen_HP.jpg&#8221; _builder_version=&#8221;4.18.0&#8243; _module_preset=&#8221;default&#8221; global_colors_info=&#8221;{}&#8221;][\/et_pb_image][\/et_pb_column][et_pb_column type=&#8221;3_5&#8243; _builder_version=&#8221;4.16&#8243; _module_preset=&#8221;default&#8221; background_enable_color=&#8221;off&#8221; custom_padding=&#8221;3.3%|5%|5%|5%|false|true&#8221; custom_padding_tablet=&#8221;8%|8%|8%|8%|true|true&#8221; custom_padding_phone=&#8221;&#8221; custom_padding_last_edited=&#8221;on|desktop&#8221; global_colors_info=&#8221;{}&#8221;][et_pb_text _builder_version=&#8221;4.27.4&#8243; _module_preset=&#8221;default&#8221; header_font=&#8221;|800||on|||||&#8221; header_2_font=&#8221;|800||on|||||&#8221; header_2_font_size=&#8221;30px&#8221; hover_enabled=&#8221;0&#8243; text_font_size_tablet=&#8221;12px&#8221; text_font_size_phone=&#8221;&#8221; text_font_size_last_edited=&#8221;on|phone&#8221; header_2_font_size_tablet=&#8221;25px&#8221; header_2_font_size_phone=&#8221;19px&#8221; header_2_font_size_last_edited=&#8221;on|desktop&#8221; global_colors_info=&#8221;{}&#8221; sticky_enabled=&#8221;0&#8243;]<\/p>\n<h1>L&#8217; <span style=\"color: #fa6a6f;\">esperto<\/span> di logistica farmaceutica. Dal 2004.<\/h1>\n<p>Che si tratti di immagazzinare e spedire medicinali sensibili alla temperatura o di fornire 1.000 posti pallet con breve preavviso tramite Pre FBA, da oltre 20 anni Hommel Pharma \u00e8 l\u2019esperto della logistica nel settore sanitario. Oggi serviamo clienti con le esigenze pi\u00f9 diverse. Nel corso dei decenni, abbiamo continuato a specializzarci ed ampliare i nostri servizi \u2013 e abbiamo ancora molto in serbo per voi.<\/p>\n<p>&nbsp;<\/p>\n<h2>Professionalizziamo i processi. Ma sappiamo gestire i rapporti in maniera personale.<\/h2>\n<p>La digitalizzazione in particolare apre nuove possibilit\u00e0 e alleggerisce le catene di processo nella logistica e nel fulfilment &#8211; ci affidiamo a sistemi professionali e siamo aperti a nuove idee.<\/p>\n<p>Tuttavia, c&#8217;\u00e8 una cosa che nessun programma o sistema pu\u00f2 sostituirci: l&#8217;impegno personale. Forniamo sempre consulenza personalizzata ai nostri clienti, siamo orgogliosi degli stretti legami con i partner della nostra rete, cos\u00ec come del nostro occhio allenato nel ricevere e documentare la merce, e utilizziamo l&#8217;esperienza che abbiamo gi\u00e0 acquisito. I produttori farmaceutici, le farmacie e i distributori, in particolare, lo apprezzano.<\/p>\n<p>&nbsp;<\/p>\n<h2>Sicuro. Trasparente. <span style=\"color: #fa6a6f;\">Orientato al cliente<\/span>.<\/h2>\n<p>Nella sede di D\u00fclmen, Hommel Pharma immagazzina pi\u00f9 di 4.000 articoli diversi su pi\u00f9 di 3.000 metri quadrati. Per conto dei nostri clienti, spediamo pi\u00f9 di 300 pallet e pacchi ogni giorno. Elaboriamo tutti gli ordini in conformit\u00e0 alle norme farmaceutiche e sulla base di processi standardizzati.<\/p>\n<p>Un team di 40 dipendenti lavora nelle diverse aree dell&#8217;azienda. La nostra moderna infrastruttura IT fornisce a voi, nostri clienti, l&#8217;importante trasparenza e tracciabilit\u00e0 &#8211; dal primo contatto alla consegna della merce.<\/p>\n<p>[\/et_pb_text][\/et_pb_column][\/et_pb_row][\/et_pb_section][et_pb_section fb_built=&#8221;1&#8243; disabled_on=&#8221;on|on|on&#8221; _builder_version=&#8221;4.16&#8243; _module_preset=&#8221;default&#8221; custom_padding=&#8221;20px||||false|false&#8221; animation_style=&#8221;fade&#8221; disabled=&#8221;on&#8221; collapsed=&#8221;on&#8221; global_colors_info=&#8221;{}&#8221;][et_pb_row _builder_version=&#8221;4.16&#8243; _module_preset=&#8221;default&#8221; global_colors_info=&#8221;{}&#8221;][et_pb_column type=&#8221;4_4&#8243; _builder_version=&#8221;4.16&#8243; _module_preset=&#8221;default&#8221; global_colors_info=&#8221;{}&#8221;][et_pb_text admin_label=&#8221;Weitere Projekte&#8221; _builder_version=&#8221;4.16&#8243; _module_preset=&#8221;default&#8221; header_font=&#8221;|||on|||||&#8221; header_text_align=&#8221;center&#8221; header_2_font=&#8221;|800||on|||||&#8221; header_2_text_align=&#8221;center&#8221; header_2_font_size=&#8221;2.5vw&#8221; global_colors_info=&#8221;{}&#8221;]<\/p>\n<h2><span style=\"color: #fa6a6f;\">Pharma verbindet.<\/span><br \/>Projekte und Marken unter unserem Dach.<\/h2>\n<p>[\/et_pb_text][et_pb_divider divider_weight=&#8221;4px&#8221; _builder_version=&#8221;4.16&#8243; _module_preset=&#8221;default&#8221; width=&#8221;50px&#8221; max_width=&#8221;50px&#8221; module_alignment=&#8221;center&#8221; global_colors_info=&#8221;{}&#8221;][\/et_pb_divider][\/et_pb_column][\/et_pb_row][et_pb_row column_structure=&#8221;1_3,2_3&#8243; _builder_version=&#8221;4.16&#8243; _module_preset=&#8221;default&#8221; global_colors_info=&#8221;{}&#8221;][et_pb_column type=&#8221;1_3&#8243; _builder_version=&#8221;4.16&#8243; _module_preset=&#8221;default&#8221; global_colors_info=&#8221;{}&#8221;][et_pb_image src=&#8221;https:\/\/hommel-pharma.de\/wp-content\/uploads\/2021\/05\/nozohaem-logo.png&#8221; alt=&#8221;nasenbluten.info&#8221; url=&#8221;https:\/\/nasenbluten.info\/&#8221; align=&#8221;right&#8221; force_fullwidth=&#8221;on&#8221; _builder_version=&#8221;4.16&#8243; _module_preset=&#8221;default&#8221; global_colors_info=&#8221;{}&#8221;][\/et_pb_image][\/et_pb_column][et_pb_column type=&#8221;2_3&#8243; _builder_version=&#8221;4.16&#8243; _module_preset=&#8221;default&#8221; global_colors_info=&#8221;{}&#8221;][et_pb_text _builder_version=&#8221;4.16&#8243; _module_preset=&#8221;default&#8221; global_colors_info=&#8221;{}&#8221;]<\/p>\n<p>Die Gesundheit des vierbeinigen Lieblings ist f\u00fcr jeden Katzen- und Hundebesitzer das Wichtigste \u2013 schlie\u00dflich m\u00f6chte jeder f\u00fcr seinen \u201ebesten Freund\u201c nur Gutes. Gleich wie beim Menschen ist auch beim Tier der Darm das Zentrum der Gesundheit, und das Wohlbefinden ganz wesentlich von einer optimalen Besiedlung des Darms abh\u00e4ngig.<\/p>\n<p>[\/et_pb_text][\/et_pb_column][\/et_pb_row][et_pb_row column_structure=&#8221;2_5,3_5&#8243; _builder_version=&#8221;4.16&#8243; _module_preset=&#8221;default&#8221; global_colors_info=&#8221;{}&#8221;][et_pb_column type=&#8221;2_5&#8243; _builder_version=&#8221;4.16&#8243; _module_preset=&#8221;default&#8221; global_colors_info=&#8221;{}&#8221;][et_pb_image src=&#8221;https:\/\/hommel-pharma.de\/wp-content\/uploads\/2021\/05\/Logo-HommelPet_quer_290-1.png&#8221; alt=&#8221;catanddog.eu&#8221; url=&#8221;https:\/\/catanddog.eu\/&#8221; align=&#8221;right&#8221; _builder_version=&#8221;4.16&#8243; _module_preset=&#8221;default&#8221; global_colors_info=&#8221;{}&#8221;][\/et_pb_image][\/et_pb_column][et_pb_column type=&#8221;3_5&#8243; _builder_version=&#8221;4.16&#8243; _module_preset=&#8221;default&#8221; global_colors_info=&#8221;{}&#8221;][et_pb_text _builder_version=&#8221;4.16&#8243; _module_preset=&#8221;default&#8221; global_colors_info=&#8221;{}&#8221;]<\/p>\n<p>Die Gesundheit des vierbeinigen Lieblings ist f\u00fcr jeden Katzen- und Hundebesitzer das Wichtigste \u2013 schlie\u00dflich m\u00f6chte jeder f\u00fcr seinen \u201ebesten Freund\u201c nur Gutes. Gleich wie beim Menschen ist auch beim Tier der Darm das Zentrum der Gesundheit, und das Wohlbefinden ganz wesentlich von einer optimalen Besiedlung des Darms abh\u00e4ngig.<\/p>\n<p>[\/et_pb_text][\/et_pb_column][\/et_pb_row][\/et_pb_section][et_pb_section fb_built=&#8221;1&#8243; disabled_on=&#8221;on|on|on&#8221; _builder_version=&#8221;4.16&#8243; _module_preset=&#8221;default&#8221; custom_padding=&#8221;0px||0px||false|false&#8221; animation_style=&#8221;fade&#8221; disabled=&#8221;on&#8221; collapsed=&#8221;on&#8221; global_colors_info=&#8221;{}&#8221;][\/et_pb_section]<\/p>\n","protected":false},"excerpt":{"rendered":"<p>L&#8217; esperto di logistica farmaceutica. Dal 2004. Che si tratti di immagazzinare e spedire medicinali sensibili alla temperatura o di fornire 1.000 posti pallet con breve preavviso tramite Pre FBA, da oltre 20 anni Hommel Pharma \u00e8 l\u2019esperto della logistica nel settore sanitario. Oggi serviamo clienti con le esigenze pi\u00f9 diverse. Nel corso dei decenni, [&hellip;]<\/p>\n","protected":false},"author":1,"featured_media":0,"parent":0,"menu_order":0,"comment_status":"closed","ping_status":"closed","template":"","meta":{"_et_pb_use_builder":"on","_et_pb_old_content":"","_et_gb_content_width":"","footnotes":""},"class_list":["post-1849","page","type-page","status-publish","hentry"],"yoast_head":"<!-- This site is optimized with the Yoast SEO plugin v27.5 - https:\/\/yoast.com\/product\/yoast-seo-wordpress\/ -->\n<title>HOMMEL PHARMA | Logistica, adempimento, distribuzione e altro ancora<\/title>\n<meta name=\"description\" content=\"Siamo il vostro fornitore di servizi di logistica e fulfilment nel settore farmaceutico.\" \/>\n<meta name=\"robots\" content=\"index, follow, max-snippet:-1, max-image-preview:large, max-video-preview:-1\" \/>\n<link rel=\"canonical\" href=\"https:\/\/hommel-pharma.de\/it\/azienda\/\" \/>\n<meta property=\"og:locale\" content=\"it_IT\" \/>\n<meta property=\"og:type\" content=\"article\" \/>\n<meta property=\"og:title\" content=\"46\" \/>\n<meta property=\"og:description\" content=\"Siamo il vostro fornitore di servizi di logistica e fulfilment nel settore farmaceutico.\" \/>\n<meta property=\"og:url\" content=\"https:\/\/hommel-pharma.de\/it\/azienda\/\" \/>\n<meta property=\"og:site_name\" content=\"HOMMEL PHARMA GmbH &amp; Co. KG\" \/>\n<meta property=\"article:modified_time\" content=\"2025-11-11T11:56:08+00:00\" \/>\n<meta property=\"og:image\" content=\"http:\/\/false\" \/>\n<meta name=\"twitter:card\" content=\"summary_large_image\" \/>\n<meta name=\"twitter:label1\" content=\"Tempo di lettura stimato\" \/>\n\t<meta name=\"twitter:data1\" content=\"5 minuti\" \/>\n<script type=\"application\/ld+json\" class=\"yoast-schema-graph\">{\"@context\":\"https:\\\/\\\/schema.org\",\"@graph\":[{\"@type\":\"WebPage\",\"@id\":\"https:\\\/\\\/hommel-pharma.de\\\/it\\\/azienda\\\/\",\"url\":\"https:\\\/\\\/hommel-pharma.de\\\/it\\\/azienda\\\/\",\"name\":\"HOMMEL PHARMA | Logistica, adempimento, distribuzione e altro ancora\",\"isPartOf\":{\"@id\":\"https:\\\/\\\/hommel-pharma.de\\\/it\\\/#website\"},\"datePublished\":\"2021-12-02T09:38:55+00:00\",\"dateModified\":\"2025-11-11T11:56:08+00:00\",\"description\":\"Siamo il vostro fornitore di servizi di logistica e fulfilment nel settore farmaceutico.\",\"breadcrumb\":{\"@id\":\"https:\\\/\\\/hommel-pharma.de\\\/it\\\/azienda\\\/#breadcrumb\"},\"inLanguage\":\"it-IT\",\"potentialAction\":[{\"@type\":\"ReadAction\",\"target\":[\"https:\\\/\\\/hommel-pharma.de\\\/it\\\/azienda\\\/\"]}]},{\"@type\":\"BreadcrumbList\",\"@id\":\"https:\\\/\\\/hommel-pharma.de\\\/it\\\/azienda\\\/#breadcrumb\",\"itemListElement\":[{\"@type\":\"ListItem\",\"position\":1,\"name\":\"Startseite\",\"item\":\"https:\\\/\\\/hommel-pharma.de\\\/it\\\/\"},{\"@type\":\"ListItem\",\"position\":2,\"name\":\"Azienda\"}]},{\"@type\":\"WebSite\",\"@id\":\"https:\\\/\\\/hommel-pharma.de\\\/it\\\/#website\",\"url\":\"https:\\\/\\\/hommel-pharma.de\\\/it\\\/\",\"name\":\"HOMMEL PHARMA GmbH &amp; Co. KG\",\"description\":\"\",\"publisher\":{\"@id\":\"https:\\\/\\\/hommel-pharma.de\\\/it\\\/#organization\"},\"potentialAction\":[{\"@type\":\"SearchAction\",\"target\":{\"@type\":\"EntryPoint\",\"urlTemplate\":\"https:\\\/\\\/hommel-pharma.de\\\/it\\\/?s={search_term_string}\"},\"query-input\":{\"@type\":\"PropertyValueSpecification\",\"valueRequired\":true,\"valueName\":\"search_term_string\"}}],\"inLanguage\":\"it-IT\"},{\"@type\":\"Organization\",\"@id\":\"https:\\\/\\\/hommel-pharma.de\\\/it\\\/#organization\",\"name\":\"HOMMEL PHARMA GmbH & Co. KG\",\"url\":\"https:\\\/\\\/hommel-pharma.de\\\/it\\\/\",\"logo\":{\"@type\":\"ImageObject\",\"inLanguage\":\"it-IT\",\"@id\":\"https:\\\/\\\/hommel-pharma.de\\\/it\\\/#\\\/schema\\\/logo\\\/image\\\/\",\"url\":\"https:\\\/\\\/hommel-pharma.de\\\/wp-content\\\/uploads\\\/2024\\\/07\\\/letter-h.png\",\"contentUrl\":\"https:\\\/\\\/hommel-pharma.de\\\/wp-content\\\/uploads\\\/2024\\\/07\\\/letter-h.png\",\"width\":512,\"height\":512,\"caption\":\"HOMMEL PHARMA GmbH & Co. KG\"},\"image\":{\"@id\":\"https:\\\/\\\/hommel-pharma.de\\\/it\\\/#\\\/schema\\\/logo\\\/image\\\/\"}}]}<\/script>\n<!-- \/ Yoast SEO plugin. -->","yoast_head_json":{"title":"HOMMEL PHARMA | Logistica, adempimento, distribuzione e altro ancora","description":"Siamo il vostro fornitore di servizi di logistica e fulfilment nel settore farmaceutico.","robots":{"index":"index","follow":"follow","max-snippet":"max-snippet:-1","max-image-preview":"max-image-preview:large","max-video-preview":"max-video-preview:-1"},"canonical":"https:\/\/hommel-pharma.de\/it\/azienda\/","og_locale":"it_IT","og_type":"article","og_title":"46","og_description":"Siamo il vostro fornitore di servizi di logistica e fulfilment nel settore farmaceutico.","og_url":"https:\/\/hommel-pharma.de\/it\/azienda\/","og_site_name":"HOMMEL PHARMA GmbH &amp; Co. KG","article_modified_time":"2025-11-11T11:56:08+00:00","og_image":[{"url":"false","type":"","width":"","height":""}],"twitter_card":"summary_large_image","twitter_misc":{"Tempo di lettura stimato":"5 minuti"},"schema":{"@context":"https:\/\/schema.org","@graph":[{"@type":"WebPage","@id":"https:\/\/hommel-pharma.de\/it\/azienda\/","url":"https:\/\/hommel-pharma.de\/it\/azienda\/","name":"HOMMEL PHARMA | Logistica, adempimento, distribuzione e altro ancora","isPartOf":{"@id":"https:\/\/hommel-pharma.de\/it\/#website"},"datePublished":"2021-12-02T09:38:55+00:00","dateModified":"2025-11-11T11:56:08+00:00","description":"Siamo il vostro fornitore di servizi di logistica e fulfilment nel settore farmaceutico.","breadcrumb":{"@id":"https:\/\/hommel-pharma.de\/it\/azienda\/#breadcrumb"},"inLanguage":"it-IT","potentialAction":[{"@type":"ReadAction","target":["https:\/\/hommel-pharma.de\/it\/azienda\/"]}]},{"@type":"BreadcrumbList","@id":"https:\/\/hommel-pharma.de\/it\/azienda\/#breadcrumb","itemListElement":[{"@type":"ListItem","position":1,"name":"Startseite","item":"https:\/\/hommel-pharma.de\/it\/"},{"@type":"ListItem","position":2,"name":"Azienda"}]},{"@type":"WebSite","@id":"https:\/\/hommel-pharma.de\/it\/#website","url":"https:\/\/hommel-pharma.de\/it\/","name":"HOMMEL PHARMA GmbH &amp; Co. KG","description":"","publisher":{"@id":"https:\/\/hommel-pharma.de\/it\/#organization"},"potentialAction":[{"@type":"SearchAction","target":{"@type":"EntryPoint","urlTemplate":"https:\/\/hommel-pharma.de\/it\/?s={search_term_string}"},"query-input":{"@type":"PropertyValueSpecification","valueRequired":true,"valueName":"search_term_string"}}],"inLanguage":"it-IT"},{"@type":"Organization","@id":"https:\/\/hommel-pharma.de\/it\/#organization","name":"HOMMEL PHARMA GmbH & Co. KG","url":"https:\/\/hommel-pharma.de\/it\/","logo":{"@type":"ImageObject","inLanguage":"it-IT","@id":"https:\/\/hommel-pharma.de\/it\/#\/schema\/logo\/image\/","url":"https:\/\/hommel-pharma.de\/wp-content\/uploads\/2024\/07\/letter-h.png","contentUrl":"https:\/\/hommel-pharma.de\/wp-content\/uploads\/2024\/07\/letter-h.png","width":512,"height":512,"caption":"HOMMEL PHARMA GmbH & Co. KG"},"image":{"@id":"https:\/\/hommel-pharma.de\/it\/#\/schema\/logo\/image\/"}}]}},"_links":{"self":[{"href":"https:\/\/hommel-pharma.de\/it\/wp-json\/wp\/v2\/pages\/1849","targetHints":{"allow":["GET"]}}],"collection":[{"href":"https:\/\/hommel-pharma.de\/it\/wp-json\/wp\/v2\/pages"}],"about":[{"href":"https:\/\/hommel-pharma.de\/it\/wp-json\/wp\/v2\/types\/page"}],"author":[{"embeddable":true,"href":"https:\/\/hommel-pharma.de\/it\/wp-json\/wp\/v2\/users\/1"}],"replies":[{"embeddable":true,"href":"https:\/\/hommel-pharma.de\/it\/wp-json\/wp\/v2\/comments?post=1849"}],"version-history":[{"count":0,"href":"https:\/\/hommel-pharma.de\/it\/wp-json\/wp\/v2\/pages\/1849\/revisions"}],"wp:attachment":[{"href":"https:\/\/hommel-pharma.de\/it\/wp-json\/wp\/v2\/media?parent=1849"}],"curies":[{"name":"wp","href":"https:\/\/api.w.org\/{rel}","templated":true}]}}